{"id":8,"date":"2021-12-26T19:46:20","date_gmt":"2021-12-26T19:46:20","guid":{"rendered":"https:\/\/rehakisnisci.com\/?page_id=8"},"modified":"2022-04-23T20:08:06","modified_gmt":"2022-04-23T20:08:06","slug":"contact","status":"publish","type":"page","link":"https:\/\/rehakisnisci.com\/index.php\/contact\/","title":{"rendered":"\u0130leti\u015fim &#8211; Contact"},"content":{"rendered":"\t\t<div data-elementor-type=\"wp-page\" data-elementor-id=\"8\" class=\"elementor elementor-8\">\n\t\t\t\t\t\t\t\t\t<section class=\"elementor-section elementor-top-section elementor-element elementor-element-dba915e elementor-section-boxed elementor-section-height-default elementor-section-height-default\" data-id=\"dba915e\" data-element_type=\"section\">\n\t\t\t\t\t\t<div class=\"elementor-container elementor-column-gap-default\">\n\t\t\t\t\t<div class=\"elementor-column elementor-col-50 elementor-top-column elementor-element elementor-element-cefc2e8\" data-id=\"cefc2e8\" data-element_type=\"column\">\n\t\t\t<div class=\"elementor-widget-wrap elementor-element-populated\">\n\t\t\t\t\t\t\t\t<div class=\"elementor-element elementor-element-fb7b430 elementor-widget elementor-widget-text-editor\" data-id=\"fb7b430\" data-element_type=\"widget\" data-widget_type=\"text-editor.default\">\n\t\t\t\t<div class=\"elementor-widget-container\">\n\t\t\t<style>\/*! elementor - v3.11.0 - 13-02-2023 *\/\n.elementor-widget-text-editor.elementor-drop-cap-view-stacked .elementor-drop-cap{background-color:#818a91;color:#fff}.elementor-widget-text-editor.elementor-drop-cap-view-framed .elementor-drop-cap{color:#818a91;border:3px solid;background-color:transparent}.elementor-widget-text-editor:not(.elementor-drop-cap-view-default) .elementor-drop-cap{margin-top:8px}.elementor-widget-text-editor:not(.elementor-drop-cap-view-default) .elementor-drop-cap-letter{width:1em;height:1em}.elementor-widget-text-editor .elementor-drop-cap{float:left;text-align:center;line-height:1;font-size:50px}.elementor-widget-text-editor .elementor-drop-cap-letter{display:inline-block}<\/style>\t\t\t\t<p><span lang=\"tr-TR\">Prof. Dr. Reha Ki\u015fni\u015fci<\/span><\/p>\n<p><span lang=\"tr-TR\">Tunal\u0131 Hilmi Caddesi 84\/6 Tunal\u0131 Hilmi Caddesi 84\/6<\/span><\/p>\n<p><span lang=\"tr-TR\">Remzi O\u011fuz Ar\u0131k Mahallesi<\/span><\/p>\n<p><span lang=\"tr-TR\"> Kavakl\u0131dere, Ankara<\/span><\/p>\n<p><span lang=\"tr-TR\"> +90(312) 468 01 61<\/span><\/p>\n<p><span lang=\"tr-TR\"> +90(312) 468 77 54 <\/span><\/p>\n<p><span lang=\"tr-TR\">bilgi@rehakisnisci.com<\/span><\/p>\t\t\t\t\t\t<\/div>\n\t\t\t\t<\/div>\n\t\t\t\t\t<\/div>\n\t\t<\/div>\n\t\t\t\t<div class=\"elementor-column elementor-col-50 elementor-top-column elementor-element elementor-element-7f7b70d\" data-id=\"7f7b70d\" data-element_type=\"column\">\n\t\t\t<div class=\"elementor-widget-wrap\">\n\t\t\t\t\t\t\t\t\t<\/div>\n\t\t<\/div>\n\t\t\t\t\t\t\t<\/div>\n\t\t<\/section>\n\t\t\t\t\t\t\t<\/div>\n\t\t","protected":false},"excerpt":{"rendered":"<p>Prof. Dr. Reha Ki\u015fni\u015fci Tunal\u0131 Hilmi Caddesi 84\/6 Tunal\u0131 Hilmi Caddesi 84\/6 Remzi O\u011fuz Ar\u0131k Mahallesi Kavakl\u0131dere, Ankara +90(312) 468 01 61 +90(312) 468 77 54 bilgi@rehakisnisci.com<\/p>\n","protected":false},"author":1,"featured_media":0,"parent":0,"menu_order":0,"comment_status":"closed","ping_status":"closed","template":"","meta":{"footnotes":""},"class_list":["post-8","page","type-page","status-publish","hentry"],"_links":{"self":[{"href":"https:\/\/rehakisnisci.com\/index.php\/wp-json\/wp\/v2\/pages\/8","targetHints":{"allow":["GET"]}}],"collection":[{"href":"https:\/\/rehakisnisci.com\/index.php\/wp-json\/wp\/v2\/pages"}],"about":[{"href":"https:\/\/rehakisnisci.com\/index.php\/wp-json\/wp\/v2\/types\/page"}],"author":[{"embeddable":true,"href":"https:\/\/rehakisnisci.com\/index.php\/wp-json\/wp\/v2\/users\/1"}],"replies":[{"embeddable":true,"href":"https:\/\/rehakisnisci.com\/index.php\/wp-json\/wp\/v2\/comments?post=8"}],"version-history":[{"count":10,"href":"https:\/\/rehakisnisci.com\/index.php\/wp-json\/wp\/v2\/pages\/8\/revisions"}],"predecessor-version":[{"id":100,"href":"https:\/\/rehakisnisci.com\/index.php\/wp-json\/wp\/v2\/pages\/8\/revisions\/100"}],"wp:attachment":[{"href":"https:\/\/rehakisnisci.com\/index.php\/wp-json\/wp\/v2\/media?parent=8"}],"curies":[{"name":"wp","href":"https:\/\/api.w.org\/{rel}","templated":true}]}}