{"id":7,"date":"2021-12-26T19:46:20","date_gmt":"2021-12-26T19:46:20","guid":{"rendered":"https:\/\/rehakisnisci.com\/?page_id=7"},"modified":"2021-12-26T21:35:57","modified_gmt":"2021-12-26T21:35:57","slug":"about","status":"publish","type":"page","link":"https:\/\/rehakisnisci.com\/index.php\/about\/","title":{"rendered":"Hakk\u0131m\u0131zda &#8211; About"},"content":{"rendered":"\t\t<div data-elementor-type=\"wp-page\" data-elementor-id=\"7\" class=\"elementor elementor-7\">\n\t\t\t\t\t\t\t\t\t<section class=\"elementor-section elementor-top-section elementor-element elementor-element-3a60c54 elementor-section-boxed elementor-section-height-default elementor-section-height-default\" data-id=\"3a60c54\" data-element_type=\"section\">\n\t\t\t\t\t\t<div class=\"elementor-container elementor-column-gap-default\">\n\t\t\t\t\t<div class=\"elementor-column elementor-col-50 elementor-top-column elementor-element elementor-element-f85ce84\" data-id=\"f85ce84\" data-element_type=\"column\">\n\t\t\t<div class=\"elementor-widget-wrap elementor-element-populated\">\n\t\t\t\t\t\t\t\t<div class=\"elementor-element elementor-element-36296f3 elementor-widget elementor-widget-text-editor\" data-id=\"36296f3\" data-element_type=\"widget\" data-widget_type=\"text-editor.default\">\n\t\t\t\t<div class=\"elementor-widget-container\">\n\t\t\t<style>\/*! elementor - v3.11.0 - 13-02-2023 *\/\n.elementor-widget-text-editor.elementor-drop-cap-view-stacked .elementor-drop-cap{background-color:#818a91;color:#fff}.elementor-widget-text-editor.elementor-drop-cap-view-framed .elementor-drop-cap{color:#818a91;border:3px solid;background-color:transparent}.elementor-widget-text-editor:not(.elementor-drop-cap-view-default) .elementor-drop-cap{margin-top:8px}.elementor-widget-text-editor:not(.elementor-drop-cap-view-default) .elementor-drop-cap-letter{width:1em;height:1em}.elementor-widget-text-editor .elementor-drop-cap{float:left;text-align:center;line-height:1;font-size:50px}.elementor-widget-text-editor .elementor-drop-cap-letter{display:inline-block}<\/style>\t\t\t\t<p>\u00a0<\/p><p>\u2022 Halen Ankara Lokman Hekim \u00dcniversitesi&#8217; nde\u00a0 \u00c7ene Cerrahisi Anabilim Dal\u0131 Ba\u015fkanl\u0131\u011f\u0131 g\u00f6revini y\u00fcretmektedir.<\/p><p>\u2022 \u0130ngiltere, \u0130sko\u00e7ya, A.B.D ve T\u00fcrkiye\u2019de e\u011fitim ve \u00e7al\u0131\u015fma ge\u00e7mi\u015fi bulunmaktad\u0131r.<\/p><p>\u2022 A\u011f\u0131z, \u00c7ene ve Y\u00fcz Cerrahisi\u2019nde \u00fcst e\u011fitim alm\u0131\u015ft\u0131r.<\/p><p>\u2022 Yurt i\u00e7i ve yurt d\u0131\u015f\u0131 bir\u00e7ok mesleki dernek\/birlik komite, y\u00fcr\u00fctme kurulu ba\u015fkanl\u0131klar\u0131 bulunmaktad\u0131r.<\/p><p>\u2022 Balkan \u00c7ene-Y\u00fcz Cerrahisi Dernek Ba\u015fkanl\u0131\u011f\u0131 yapm\u0131\u015ft\u0131r.<\/p><p>\u2022 \u00c7e\u015fitli \u00f6d\u00fcllere aday g\u00f6sterilmi\u015f ve lay\u0131k g\u00f6r\u00fclm\u00fc\u015ft\u00fcr.<\/p><p>\u2022 Britanya A\u011f\u0131z ve \u00c7ene-Y\u00fcz Cerrahisi Derne\u011fi Onursal \u00dcyeli\u011fe\u00a0<span style=\"color: var( --e-global-color-text ); font-family: var( --e-global-typography-text-font-family ), Sans-serif; font-weight: var( --e-global-typography-text-font-weight );\">lay\u0131k g\u00f6r\u00fclm\u00fc\u015ft\u00fcr.<\/span><\/p><p>\u2022\u00a0 Royal College of Surgeons Faculty of Dental Surgery of England da\u00a0<span style=\"color: var( --e-global-color-text ); font-family: var( --e-global-typography-text-font-family ), Sans-serif; font-weight: var( --e-global-typography-text-font-weight );\">Onursal ve Se\u00e7ilmi\u015f \u00dcyel\u011fe lay\u0131k g\u00f6r\u00fclm\u00fc\u015ft\u00fcr.<\/span><\/p><p>\u2022 150\u2019nin \u00fczerinde bilimsel makale, kitap b\u00f6l\u00fcm yazarl\u0131klar\u0131 ve 300\u2019\u00fcn \u00fczerinde davetli konu\u015fmalar\u0131 bulunmaktad\u0131r<span style=\"color: var( --e-global-color-text ); font-family: var( --e-global-typography-text-font-family ), Sans-serif; font-weight: var( --e-global-typography-text-font-weight );\">.<\/span><\/p><p>\u2022 Yabanc\u0131 \u00fcniversitelerde s\u0131nav j\u00fcri \u00fcyelikleri bulunmaktad\u0131r.<\/p><p>\u2022 Dudak ve Damak Yar\u0131klar\u0131 B\u00f6l\u00fcm Edi\u00f6r\u00fc &#8211; International Journal of Oral\/Maxillofacial Surgery.<\/p><p>\u2022 Yay\u0131n Kurulu \u00dcyeli\u011fi &#8211; Journal of Oral and Maxillofacial Surgery<\/p><p>\u2022 G\u00f6n\u00fcll\u00fc yurt d\u0131\u015f\u0131 e\u011fiticilik ve ameliyatlar<\/p>\t\t\t\t\t\t<\/div>\n\t\t\t\t<\/div>\n\t\t\t\t\t<\/div>\n\t\t<\/div>\n\t\t\t\t<div class=\"elementor-column elementor-col-50 elementor-top-column elementor-element elementor-element-0393838\" data-id=\"0393838\" data-element_type=\"column\">\n\t\t\t<div class=\"elementor-widget-wrap elementor-element-populated\">\n\t\t\t\t\t\t\t\t<div class=\"elementor-element elementor-element-066a404 elementor-widget elementor-widget-text-editor\" data-id=\"066a404\" data-element_type=\"widget\" data-widget_type=\"text-editor.default\">\n\t\t\t\t<div class=\"elementor-widget-container\">\n\t\t\t\t\t\t\t<p>\u00a0<\/p><p>\u2022 Currently Chair and Professor, Department of Oral and Maxillofacial Surgery, LHU Ankara<\/p><p>\u2022 Education and working experience in UK, US, Turkey.<\/p><p>\u2022 Fellowship in Oral and Maxillofacial Surgery, DFW Texas, US.<\/p><p>\u2022 Served as president, chairman and member on several specialty related committees and boards<\/p><p>nationally and internationally.<\/p><p>\u2022 Founding Member \/ Past President of Balkan Association of Maxillofacial Surgery<\/p><p>\u2022 Nominated and received several scientific awards.<\/p><p>\u2022 Honorary Fellow of British Association of Oral and Maxillofacial Surgeons.<\/p><p>\u2022 Honorary \/ Elected Fellow of Royal College of Surgeons Faculty of Dental Surgery of England<\/p><p>\u2022 Authored and co-authored over 150 papers, book chapters and lectured\/presented at over 300<\/p><p>conferences.<\/p><p>\u2022 Serves as an external examiner in various International universities.<\/p><p>\u2022 Cleft\/craniofacial section editor &#8211; International Journal of Oral\/Maxillofacial Surgery.<\/p><p>\u2022 Editorial Board Member &#8211; Journal of Oral and Maxillofacial Surgery<\/p><p>\u2022 Volunteer overseas surgeries<\/p>\t\t\t\t\t\t<\/div>\n\t\t\t\t<\/div>\n\t\t\t\t\t<\/div>\n\t\t<\/div>\n\t\t\t\t\t\t\t<\/div>\n\t\t<\/section>\n\t\t\t\t\t\t\t<\/div>\n\t\t","protected":false},"excerpt":{"rendered":"<p>\u00a0 \u2022 Halen Ankara Lokman Hekim \u00dcniversitesi&#8217; nde\u00a0 \u00c7ene Cerrahisi Anabilim Dal\u0131 Ba\u015fkanl\u0131\u011f\u0131 g\u00f6revini y\u00fcretmektedir. \u2022 \u0130ngiltere, \u0130sko\u00e7ya, A.B.D ve T\u00fcrkiye\u2019de e\u011fitim ve \u00e7al\u0131\u015fma ge\u00e7mi\u015fi bulunmaktad\u0131r. \u2022 A\u011f\u0131z, \u00c7ene ve Y\u00fcz Cerrahisi\u2019nde \u00fcst e\u011fitim alm\u0131\u015ft\u0131r. \u2022 Yurt i\u00e7i ve yurt d\u0131\u015f\u0131 bir\u00e7ok mesleki dernek\/birlik komite, y\u00fcr\u00fctme kurulu ba\u015fkanl\u0131klar\u0131 bulunmaktad\u0131r. \u2022 Balkan \u00c7ene-Y\u00fcz Cerrahisi Dernek Ba\u015fkanl\u0131\u011f\u0131 [&hellip;]<\/p>\n","protected":false},"author":1,"featured_media":0,"parent":0,"menu_order":0,"comment_status":"closed","ping_status":"closed","template":"","meta":{"footnotes":""},"class_list":["post-7","page","type-page","status-publish","hentry"],"_links":{"self":[{"href":"https:\/\/rehakisnisci.com\/index.php\/wp-json\/wp\/v2\/pages\/7","targetHints":{"allow":["GET"]}}],"collection":[{"href":"https:\/\/rehakisnisci.com\/index.php\/wp-json\/wp\/v2\/pages"}],"about":[{"href":"https:\/\/rehakisnisci.com\/index.php\/wp-json\/wp\/v2\/types\/page"}],"author":[{"embeddable":true,"href":"https:\/\/rehakisnisci.com\/index.php\/wp-json\/wp\/v2\/users\/1"}],"replies":[{"embeddable":true,"href":"https:\/\/rehakisnisci.com\/index.php\/wp-json\/wp\/v2\/comments?post=7"}],"version-history":[{"count":8,"href":"https:\/\/rehakisnisci.com\/index.php\/wp-json\/wp\/v2\/pages\/7\/revisions"}],"predecessor-version":[{"id":82,"href":"https:\/\/rehakisnisci.com\/index.php\/wp-json\/wp\/v2\/pages\/7\/revisions\/82"}],"wp:attachment":[{"href":"https:\/\/rehakisnisci.com\/index.php\/wp-json\/wp\/v2\/media?parent=7"}],"curies":[{"name":"wp","href":"https:\/\/api.w.org\/{rel}","templated":true}]}}