{"id":47,"date":"2021-12-26T20:43:02","date_gmt":"2021-12-26T20:43:02","guid":{"rendered":"https:\/\/rehakisnisci.com\/?page_id=47"},"modified":"2022-04-23T21:19:37","modified_gmt":"2022-04-23T21:19:37","slug":"tedaviler-treatments","status":"publish","type":"page","link":"https:\/\/rehakisnisci.com\/index.php\/tedaviler-treatments\/","title":{"rendered":"Tedaviler &#8211; Treatments"},"content":{"rendered":"\t\t<div data-elementor-type=\"wp-page\" data-elementor-id=\"47\" class=\"elementor elementor-47\">\n\t\t\t\t\t\t\t\t\t<section class=\"elementor-section elementor-top-section elementor-element elementor-element-1c39690 elementor-section-boxed elementor-section-height-default elementor-section-height-default\" data-id=\"1c39690\" data-element_type=\"section\">\n\t\t\t\t\t\t<div class=\"elementor-container elementor-column-gap-default\">\n\t\t\t\t\t<div class=\"elementor-column elementor-col-100 elementor-top-column elementor-element elementor-element-359bfa2\" data-id=\"359bfa2\" data-element_type=\"column\">\n\t\t\t<div class=\"elementor-widget-wrap elementor-element-populated\">\n\t\t\t\t\t\t\t\t<div class=\"elementor-element elementor-element-3bd8566 elementor-widget elementor-widget-text-editor\" data-id=\"3bd8566\" data-element_type=\"widget\" data-widget_type=\"text-editor.default\">\n\t\t\t\t<div class=\"elementor-widget-container\">\n\t\t\t<style>\/*! elementor - v3.11.0 - 13-02-2023 *\/\n.elementor-widget-text-editor.elementor-drop-cap-view-stacked .elementor-drop-cap{background-color:#818a91;color:#fff}.elementor-widget-text-editor.elementor-drop-cap-view-framed .elementor-drop-cap{color:#818a91;border:3px solid;background-color:transparent}.elementor-widget-text-editor:not(.elementor-drop-cap-view-default) .elementor-drop-cap{margin-top:8px}.elementor-widget-text-editor:not(.elementor-drop-cap-view-default) .elementor-drop-cap-letter{width:1em;height:1em}.elementor-widget-text-editor .elementor-drop-cap{float:left;text-align:center;line-height:1;font-size:50px}.elementor-widget-text-editor .elementor-drop-cap-letter{display:inline-block}<\/style>\t\t\t\t<ul><li><strong>\u00c7ene Eklemi Sorunlar\u0131 &#8211; Temporomandibular Disorders<\/strong><\/li><li><strong>\u00c7ene Eklemi Cerrahileri &#8211; TMJ Surgery<\/strong><\/li><li><strong>\u00c7ene Eklem Artroskopisi &#8211; TMJ Artroscopy<\/strong><\/li><li><strong>Y\u00fcz a\u011fr\u0131lar\u0131 &#8211; Facial pain<\/strong><\/li><li><strong>Ortognatik Cerrahi &#8211; Orthognathic Surgery<\/strong><\/li><li><strong>A\u011f\u0131z-\u00c7ene-Y\u00fcz Bozukluklar\u0131 &#8211; Facial Deformities<\/strong><\/li><li><strong>\u00c7eneler \/ Y\u00fcz Kemik Yaralanmalar\u0131 &#8211; Maxillofacial Trauma<\/strong><\/li><li><strong>\u00c7ocuk \u00c7ene Cerrahisi &#8211; Pediatric Oral and Maxillofacial Surgery<\/strong><\/li><li><strong>Di\u015f \u0130mplantlar\u0131 &#8211; Dental Implants<\/strong><\/li><li><strong>\u0130leri d\u00fczey di\u015f implant cerrahisi &#8211; Advanced dental implant surgery<\/strong><\/li><li><strong>Y\u00fcz \u0130mplantlar\u0131 &#8211; Facial Implants<\/strong><\/li><li><strong>Uyku Apnesi &#8211; Obstructive Sleep Apnea<\/strong><\/li><li><strong>Sinir yaralanmalar\u0131 \/ Dil-dudaklarda uyu\u015fukluk &#8211; Nerve repair<\/strong><\/li><li><strong>Kist \/ T\u00fcm\u00f6r Tedavisi &#8211; Treatment of Cysts \/ Tumors<\/strong><\/li><li><strong>Ameliyat gerektiren di\u015f \u00e7ekimleri &#8211; Surgical management of impacted theet<\/strong><\/li><li><strong>Sinir \/ Sin\u00fcs ili\u015fkili G\u00f6m\u00fcl\u00fc Di\u015fler &#8211; Impacted theet (including several anomalies)<\/strong><\/li><li><strong>H\u0131zland\u0131r\u0131lm\u0131\u015f ortodontik tedavi (Cerrahi destekli) &#8211; Impacted theet (including several anomalies)<\/strong><\/li><li><strong>Kemik erimesi tedavisi \/ d\u00fczeltme cerrahisi &#8211; Rapid orthodontic treatment (Surgical assissted)<\/strong><\/li><li><strong>Dudak \/ Damak Yar\u0131klar\u0131 &#8211; Reconstruction of resorbed bones<\/strong><\/li><li><strong>Eri\u015fkin Yar\u0131k Ameliyatlar\u0131 &#8211; Cleft Lip and Palate<\/strong><\/li><li><strong>Alveol yar\u0131klar\u0131 &#8211; Alveolar Clefts &#8211; Dento\u00c7ene Eklemi Sorunlar\u0131 &#8211; Temporomandibular Disorders<\/strong><\/li><\/ul>\t\t\t\t\t\t<\/div>\n\t\t\t\t<\/div>\n\t\t\t\t<section class=\"elementor-section elementor-inner-section elementor-element elementor-element-1aa0026 elementor-section-boxed elementor-section-height-default elementor-section-height-default\" data-id=\"1aa0026\" data-element_type=\"section\">\n\t\t\t\t\t\t<div class=\"elementor-container elementor-column-gap-default\">\n\t\t\t\t\t<div class=\"elementor-column elementor-col-50 elementor-inner-column elementor-element elementor-element-437c98d\" data-id=\"437c98d\" data-element_type=\"column\">\n\t\t\t<div class=\"elementor-widget-wrap\">\n\t\t\t\t\t\t\t\t\t<\/div>\n\t\t<\/div>\n\t\t\t\t<div class=\"elementor-column elementor-col-50 elementor-inner-column elementor-element elementor-element-bb6747c\" data-id=\"bb6747c\" data-element_type=\"column\">\n\t\t\t<div class=\"elementor-widget-wrap\">\n\t\t\t\t\t\t\t\t\t<\/div>\n\t\t<\/div>\n\t\t\t\t\t\t\t<\/div>\n\t\t<\/section>\n\t\t\t\t\t<\/div>\n\t\t<\/div>\n\t\t\t\t\t\t\t<\/div>\n\t\t<\/section>\n\t\t\t\t\t\t\t<\/div>\n\t\t","protected":false},"excerpt":{"rendered":"<p>\u00c7ene Eklemi Sorunlar\u0131 &#8211; Temporomandibular Disorders \u00c7ene Eklemi Cerrahileri &#8211; TMJ Surgery \u00c7ene Eklem Artroskopisi &#8211; TMJ Artroscopy Y\u00fcz a\u011fr\u0131lar\u0131 &#8211; Facial pain Ortognatik Cerrahi &#8211; Orthognathic Surgery A\u011f\u0131z-\u00c7ene-Y\u00fcz Bozukluklar\u0131 &#8211; Facial Deformities \u00c7eneler \/ Y\u00fcz Kemik Yaralanmalar\u0131 &#8211; Maxillofacial Trauma \u00c7ocuk \u00c7ene Cerrahisi &#8211; Pediatric Oral and Maxillofacial Surgery Di\u015f \u0130mplantlar\u0131 &#8211; Dental Implants [&hellip;]<\/p>\n","protected":false},"author":1,"featured_media":0,"parent":0,"menu_order":0,"comment_status":"closed","ping_status":"closed","template":"","meta":{"footnotes":""},"class_list":["post-47","page","type-page","status-publish","hentry"],"_links":{"self":[{"href":"https:\/\/rehakisnisci.com\/index.php\/wp-json\/wp\/v2\/pages\/47","targetHints":{"allow":["GET"]}}],"collection":[{"href":"https:\/\/rehakisnisci.com\/index.php\/wp-json\/wp\/v2\/pages"}],"about":[{"href":"https:\/\/rehakisnisci.com\/index.php\/wp-json\/wp\/v2\/types\/page"}],"author":[{"embeddable":true,"href":"https:\/\/rehakisnisci.com\/index.php\/wp-json\/wp\/v2\/users\/1"}],"replies":[{"embeddable":true,"href":"https:\/\/rehakisnisci.com\/index.php\/wp-json\/wp\/v2\/comments?post=47"}],"version-history":[{"count":25,"href":"https:\/\/rehakisnisci.com\/index.php\/wp-json\/wp\/v2\/pages\/47\/revisions"}],"predecessor-version":[{"id":120,"href":"https:\/\/rehakisnisci.com\/index.php\/wp-json\/wp\/v2\/pages\/47\/revisions\/120"}],"wp:attachment":[{"href":"https:\/\/rehakisnisci.com\/index.php\/wp-json\/wp\/v2\/media?parent=47"}],"curies":[{"name":"wp","href":"https:\/\/api.w.org\/{rel}","templated":true}]}}